{"id":2858,"date":"2026-01-16T09:45:18","date_gmt":"2026-01-16T15:45:18","guid":{"rendered":"https:\/\/www.imaginepediatrics.org\/?page_id=2858"},"modified":"2026-04-08T15:08:11","modified_gmt":"2026-04-08T20:08:11","slug":"quejas-de-los-pacientes-georgia","status":"publish","type":"page","link":"https:\/\/www.imaginepediatrics.org\/es\/quejas-de-los-pacientes-georgia\/","title":{"rendered":"Quejas de los pacientes &#8211; Georgia"},"content":{"rendered":"\n<div class=\"wp-block-uagb-container uagb-block-e1f14ea9 alignfull uagb-is-root-container\"><div class=\"uagb-container-inner-blocks-wrap\">\n<div class=\"wp-block-uagb-advanced-heading uagb-block-8de8c3ec\"><h1 class=\"uagb-heading-text\"><strong>Quejas y Reclamos<\/strong> &#8211; Georgia <\/h1><\/div>\n\n\n\n<p class=\"is-proxima-sera has-accent-1-color has-text-color has-link-color wp-elements-617af01bad17c3e2819b7e0e23a49ede\" style=\"font-size:30px\">\u00daltima actualizaci\u00f3n y entrada en vigencia: 14 de enero de 2026<\/p>\n<\/div><\/div>\n\n<div class=\"wp-block-uagb-container legal-container uagb-block-8bc9f75f alignfull uagb-is-root-container\"><div class=\"uagb-container-inner-blocks-wrap\">\n<p class=\"has-urbane-rounded-font-family has-proxima-sera-font-size\"><strong>Quejas y Reclamos<\/strong><\/p>\n\n\n\n<p>Si experimenta un problema que no se resuelve a su satisfacci\u00f3n, puede presentar una queja o reclamo con Imagine Pediatrics. Todas las quejas y reclamos son revisados, registrados y atendidos seg\u00fan corresponda. <\/p>\n\n\n\n<p class=\"has-urbane-rounded-font-family has-proxima-sera-font-size\"><strong>Informaci\u00f3n de Contacto<\/strong><\/p>\n\n\n\n<ul class=\"wp-block-list\">\n<li><strong>Correo electr\u00f3nico:<\/strong> <a href=\"mailto:compliance@imaginepediatrics.org\">compliance@imaginepediatrics.org<\/a><\/li>\n\n\n\n<li><strong>L\u00ednea de Ayuda de \u00c9tica y Cumplimiento: <\/strong>1-855-387-4423. Este n\u00famero gratuito cuenta con operadores en vivo las 24 horas del d\u00eda, los 7 d\u00edas de la semana. <\/li>\n\n\n\n<li><strong>En Linea: <\/strong><a href=\"https:\/\/www.mycompliancereport.com\/report?cid=IMGPD\" target=\"_blank\" rel=\"noopener\">HAGA CLIC AQU\u00cd<\/a><\/li>\n<\/ul>\n\n\n\n<p><strong><strong>Presentar una Queja ante la Junta M\u00e9dica Compuesta de Georgia (GCMB)<\/strong><\/strong><\/p>\n\n\n\n<p>La Junta M\u00e9dica Compuesta de Georgia (GCMB) es responsable de regular y hacer cumplir la Ley de Pr\u00e1ctica M\u00e9dica para garantizar la seguridad p\u00fablica. La Junta eval\u00faa cada queja para determinar si est\u00e1 dentro de su jurisdicci\u00f3n, la cual incluye varios profesionales de la salud como m\u00e9dicos, asistentes m\u00e9dicos, profesionales de cuidados respiratorios, acupunturistas y m\u00e1s. <\/p>\n\n\n\n<p>Cualquier persona puede presentar una queja ante la GCMB para reportar posible mala conducta y responsabilizar a los proveedores m\u00e9dicos. Las quejas pueden ser enviadas en l\u00ednea o por correo usando el formulario descargable disponible en el sitio web de la GCMB. Al completar el formulario, proporcione tantos detalles como sea posible, y si una secci\u00f3n no aplica, escriba \u00abN\/A\u00bb (no aplica). Se aceptan quejas an\u00f3nimas pero deben incluir evidencia suficiente para que la Junta pueda tomar acci\u00f3n.   <\/p>\n\n\n\n<p><a href=\"https:\/\/forms.office.com\/pages\/responsepage.aspx?id=DaEtURsHlEuKvJ7EBE0VFsqxVm-S6ylLntcPv3nyO-dUQkhQMlFGQkRNSDNEVUJNT0hYNFJFRTUyTS4u&amp;origin=lprLink&amp;route=shorturl\" target=\"_blank\" rel=\"noopener\"><strong>HAGA CLIC AQU\u00cd PARA PRESENTAR UNA QUEJA<\/strong><\/a><\/p>\n<\/div><\/div>\n\n<p><\/p>\n","protected":false},"excerpt":{"rendered":"<p>Quejas y Reclamos &#8211; Georgia \u00daltima actualizaci\u00f3n y entrada en vigencia: 14 de enero de 2026 Quejas y Reclamos Si experimenta un problema que no se resuelve a su satisfacci\u00f3n, puede presentar una queja o reclamo con Imagine Pediatrics. Todas las quejas y reclamos son revisados, registrados y atendidos seg\u00fan corresponda. Informaci\u00f3n de Contacto Presentar [&hellip;]<\/p>\n","protected":false},"author":11,"featured_media":0,"parent":0,"menu_order":0,"comment_status":"closed","ping_status":"closed","template":"","meta":{"_uag_custom_page_level_css":"","footnotes":""},"class_list":["post-2858","page","type-page","status-publish","hentry"],"spectra_custom_meta":{"rank_math_internal_links_processed":["1"],"_top_nav_excluded":[""],"_cms_nav_minihome":[""],"_last_translation_edit_mode":["translation-editor"],"_wpml_word_count":["264"],"_wp_page_template":["default"],"rank_math_analytic_object_id":["403"],"_edit_last":["11"],"rank_math_title":["Quejas y Reclamos de Pacientes en Georgia | Imagine Pediatrics"],"rank_math_description":["Conozca c\u00f3mo presentar una queja o reclamo de paciente en Georgia, incluida la informaci\u00f3n de contacto y sus derechos como paciente o cuidador."],"_edit_lock":["1775678892:11"],"_uag_page_assets":["a:9:{s:3:\"css\";s:15429:\".uagb-block-4385860a.wp-block-uagb-image--layout-default figure img{box-shadow: 0px 0px 0 #00000070;}.uagb-block-4385860a.wp-block-uagb-image .wp-block-uagb-image__figure figcaption{font-style: normal;align-self: center;}.uagb-block-4385860a.wp-block-uagb-image--layout-overlay figure img{box-shadow: 0px 0px 0 #00000070;}.uagb-block-4385860a.wp-block-uagb-image--layout-overlay .wp-block-uagb-image--layout-overlay__color-wrapper{opacity: 0.2;}.uagb-block-4385860a.wp-block-uagb-image--layout-overlay .wp-block-uagb-image--layout-overlay__inner{left: 15px;right: 15px;top: 15px;bottom: 15px;}.uagb-block-4385860a.wp-block-uagb-image--layout-overlay .wp-block-uagb-image--layout-overlay__inner .uagb-image-heading{font-style: normal;color: #fff;opacity: 1;}.uagb-block-4385860a.wp-block-uagb-image--layout-overlay .wp-block-uagb-image--layout-overlay__inner .uagb-image-heading a{color: #fff;}.uagb-block-4385860a.wp-block-uagb-image--layout-overlay .wp-block-uagb-image--layout-overlay__inner .uagb-image-caption{opacity: 0;}.uagb-block-4385860a.wp-block-uagb-image--layout-overlay .wp-block-uagb-image__figure:hover .wp-block-uagb-image--layout-overlay__color-wrapper{opacity: 1;}.uagb-block-4385860a.wp-block-uagb-image .wp-block-uagb-image--layout-overlay__inner .uagb-image-separator{width: 30%;border-top-width: 2px;border-top-color: #fff;opacity: 0;}.uagb-block-4385860a.wp-block-uagb-image .wp-block-uagb-image__figure img{width: px;height: auto;}.uagb-block-4385860a.wp-block-uagb-image .wp-block-uagb-image__figure:hover .wp-block-uagb-image--layout-overlay__inner .uagb-image-caption{opacity: 1;}.uagb-block-4385860a.wp-block-uagb-image .wp-block-uagb-image__figure:hover .wp-block-uagb-image--layout-overlay__inner .uagb-image-separator{opacity: 1;}.uagb-block-4385860a.wp-block-uagb-image--layout-default figure:hover img{box-shadow: 0px 0px 0 #00000070;}.uagb-block-4385860a.wp-block-uagb-image--layout-overlay figure:hover img{box-shadow: 0px 0px 0 #00000070;}@media only screen and (max-width: 976px) {.uagb-block-4385860a.wp-block-uagb-image .wp-block-uagb-image__figure img{width: 250px;height: auto;}}@media only screen and (max-width: 767px) {.uagb-block-4385860a.wp-block-uagb-image .wp-block-uagb-image__figure img{object-fit: cover;width: 250px;height: auto;}}.wp-block-uagb-container.uagb-block-a7de9c19 .uagb-container__shape-top svg{width: calc( 100% + 1.3px );}.wp-block-uagb-container.uagb-block-a7de9c19 .uagb-container__shape.uagb-container__shape-top .uagb-container__shape-fill{fill: rgba(51,51,51,1);}.wp-block-uagb-container.uagb-block-a7de9c19 .uagb-container__shape-bottom svg{width: calc( 100% + 1.3px );}.wp-block-uagb-container.uagb-block-a7de9c19 .uagb-container__shape.uagb-container__shape-bottom .uagb-container__shape-fill{fill: rgba(51,51,51,1);}.wp-block-uagb-container.uagb-block-a7de9c19 .uagb-container__video-wrap video{opacity: 1;}.wp-block-uagb-container.uagb-is-root-container .uagb-block-a7de9c19{max-width: 100%;width: 100%;}.wp-block-uagb-container.uagb-is-root-container.alignfull.uagb-block-a7de9c19 > .uagb-container-inner-blocks-wrap{--inner-content-custom-width: min( 100%, 1440px);max-width: var(--inner-content-custom-width);width: 100%;flex-direction: column;align-items: center;justify-content: center;flex-wrap: nowrap;row-gap: 20px;column-gap: 20px;}.wp-block-uagb-container.uagb-block-a7de9c19{box-shadow: 0px 0px   #00000070 ;padding-top: 10px;padding-bottom: 10px;padding-left: 10px;padding-right: 10px;margin-top:  !important;margin-bottom:  !important;overflow: visible;order: initial;border-color: inherit;background-color: #ffdb25;;row-gap: 20px;column-gap: 20px;}.uagb-block-abe79e23.wp-block-uagb-image--layout-default figure img{box-shadow: 0px 0px 0 #00000070;}.uagb-block-abe79e23.wp-block-uagb-image .wp-block-uagb-image__figure figcaption{font-style: normal;align-self: center;}.uagb-block-abe79e23.wp-block-uagb-image--layout-overlay figure img{box-shadow: 0px 0px 0 #00000070;}.uagb-block-abe79e23.wp-block-uagb-image--layout-overlay .wp-block-uagb-image--layout-overlay__color-wrapper{opacity: 0.2;}.uagb-block-abe79e23.wp-block-uagb-image--layout-overlay .wp-block-uagb-image--layout-overlay__inner{left: 15px;right: 15px;top: 15px;bottom: 15px;}.uagb-block-abe79e23.wp-block-uagb-image--layout-overlay .wp-block-uagb-image--layout-overlay__inner .uagb-image-heading{font-style: normal;color: #fff;opacity: 1;}.uagb-block-abe79e23.wp-block-uagb-image--layout-overlay .wp-block-uagb-image--layout-overlay__inner .uagb-image-heading a{color: #fff;}.uagb-block-abe79e23.wp-block-uagb-image--layout-overlay .wp-block-uagb-image--layout-overlay__inner .uagb-image-caption{opacity: 0;}.uagb-block-abe79e23.wp-block-uagb-image--layout-overlay .wp-block-uagb-image__figure:hover .wp-block-uagb-image--layout-overlay__color-wrapper{opacity: 1;}.uagb-block-abe79e23.wp-block-uagb-image .wp-block-uagb-image--layout-overlay__inner .uagb-image-separator{width: 30%;border-top-width: 2px;border-top-color: #fff;opacity: 0;}.uagb-block-abe79e23.wp-block-uagb-image .wp-block-uagb-image__figure img{object-fit: cover;width: 1024px;height: auto;}.uagb-block-abe79e23.wp-block-uagb-image .wp-block-uagb-image__figure:hover .wp-block-uagb-image--layout-overlay__inner .uagb-image-caption{opacity: 1;}.uagb-block-abe79e23.wp-block-uagb-image .wp-block-uagb-image__figure:hover .wp-block-uagb-image--layout-overlay__inner .uagb-image-separator{opacity: 1;}.uagb-block-abe79e23.wp-block-uagb-image--layout-default figure:hover img{box-shadow: 0px 0px 0 #00000070;}.uagb-block-abe79e23.wp-block-uagb-image--layout-overlay figure:hover img{box-shadow: 0px 0px 0 #00000070;}.wp-block-uagb-container.uagb-block-cd1d4d04 .uagb-container__shape-top svg{width: calc( 100% + 1.3px );}.wp-block-uagb-container.uagb-block-cd1d4d04 .uagb-container__shape.uagb-container__shape-top .uagb-container__shape-fill{fill: rgba(51,51,51,1);}.wp-block-uagb-container.uagb-block-cd1d4d04 .uagb-container__shape-bottom svg{width: calc( 100% + 1.3px );}.wp-block-uagb-container.uagb-block-cd1d4d04 .uagb-container__shape.uagb-container__shape-bottom .uagb-container__shape-fill{fill: rgba(51,51,51,1);}.wp-block-uagb-container.uagb-block-cd1d4d04 .uagb-container__video-wrap video{opacity: 1;}.wp-block-uagb-container.uagb-is-root-container .uagb-block-cd1d4d04{max-width: 100%;width: 100%;}.wp-block-uagb-container.uagb-is-root-container.alignfull.uagb-block-cd1d4d04 > .uagb-container-inner-blocks-wrap{--inner-content-custom-width: min( 100%, 1440px);max-width: var(--inner-content-custom-width);width: 100%;flex-direction: column;align-items: center;justify-content: center;flex-wrap: nowrap;row-gap: 20px;column-gap: 20px;}.wp-block-uagb-container.uagb-block-cd1d4d04{box-shadow: 0px 0px   #00000070 ;padding-top: 24px;padding-bottom: 0px;padding-left: 24px;padding-right: 24px;margin-top:  !important;margin-bottom:  !important;overflow: visible;order: initial;border-color: inherit;background-color: #f2ebe1;;row-gap: 20px;column-gap: 20px;}@media only screen and (max-width: 976px) {.wp-block-uagb-container.uagb-is-root-container .uagb-block-a7de9c19{width: 100%;}.wp-block-uagb-container.uagb-is-root-container.alignfull.uagb-block-a7de9c19 > .uagb-container-inner-blocks-wrap{--inner-content-custom-width: min( 100%, 1024px);max-width: var(--inner-content-custom-width);width: 100%;}.wp-block-uagb-container.uagb-block-a7de9c19{padding-top: 10px;padding-bottom: 10px;padding-left: 10px;padding-right: 10px;margin-top:  !important;margin-bottom:  !important;order: initial;background-color: #ffdb25;;}.uagb-block-abe79e23.wp-block-uagb-image .wp-block-uagb-image__figure img{width: 1024px;height: auto;}.wp-block-uagb-container.uagb-is-root-container .uagb-block-cd1d4d04{width: 100%;}.wp-block-uagb-container.uagb-is-root-container.alignfull.uagb-block-cd1d4d04 > .uagb-container-inner-blocks-wrap{--inner-content-custom-width: min( 100%, 1024px);max-width: var(--inner-content-custom-width);width: 100%;}.wp-block-uagb-container.uagb-block-cd1d4d04{padding-top: 24px;padding-bottom: 0px;padding-left: 24px;padding-right: 24px;margin-top:  !important;margin-bottom:  !important;order: initial;background-color: #f2ebe1;;}}@media only screen and (max-width: 767px) {.wp-block-uagb-container.uagb-is-root-container .uagb-block-a7de9c19{max-width: 100%;width: 100%;}.wp-block-uagb-container.uagb-is-root-container.alignfull.uagb-block-a7de9c19 > .uagb-container-inner-blocks-wrap{--inner-content-custom-width: min( 100%, 767px);max-width: var(--inner-content-custom-width);width: 100%;flex-wrap: wrap;}.wp-block-uagb-container.uagb-block-a7de9c19{padding-top: 10px;padding-bottom: 10px;padding-left: 10px;padding-right: 10px;margin-top:  !important;margin-bottom:  !important;order: initial;background-color: #ffdb25;;}.uagb-block-abe79e23.wp-block-uagb-image .wp-block-uagb-image__figure img{width: 1024px;height: auto;}.wp-block-uagb-container.uagb-is-root-container .uagb-block-cd1d4d04{max-width: 100%;width: 100%;}.wp-block-uagb-container.uagb-is-root-container.alignfull.uagb-block-cd1d4d04 > .uagb-container-inner-blocks-wrap{--inner-content-custom-width: min( 100%, 767px);max-width: var(--inner-content-custom-width);width: 100%;flex-wrap: wrap;}.wp-block-uagb-container.uagb-block-cd1d4d04{padding-top: 24px;padding-bottom: 0px;padding-left: 24px;padding-right: 24px;margin-top:  !important;margin-bottom:  !important;order: initial;background-color: #f2ebe1;;}}.wp-block-uagb-container.uagb-block-e1f14ea9 .uagb-container__shape-top svg{width: calc( 100% + 1.3px );}.wp-block-uagb-container.uagb-block-e1f14ea9 .uagb-container__shape.uagb-container__shape-top .uagb-container__shape-fill{fill: rgba(51,51,51,1);}.wp-block-uagb-container.uagb-block-e1f14ea9 .uagb-container__shape-bottom svg{width: calc( 100% + 1.3px );}.wp-block-uagb-container.uagb-block-e1f14ea9 .uagb-container__shape.uagb-container__shape-bottom .uagb-container__shape-fill{fill: rgba(51,51,51,1);}.wp-block-uagb-container.uagb-block-e1f14ea9 .uagb-container__video-wrap video{opacity: 1;}.wp-block-uagb-container.uagb-is-root-container .uagb-block-e1f14ea9{max-width: 100%;width: 100%;}.wp-block-uagb-container.uagb-is-root-container.alignfull.uagb-block-e1f14ea9 > .uagb-container-inner-blocks-wrap{--inner-content-custom-width: min( 100%, 1440px);max-width: var(--inner-content-custom-width);width: 100%;flex-direction: column;align-items: center;justify-content: center;flex-wrap: nowrap;row-gap: 20px;column-gap: 20px;}.wp-block-uagb-container.uagb-block-e1f14ea9{box-shadow: 0px 0px   #00000070 ;padding-top: 10px;padding-bottom: 10px;padding-left: 10px;padding-right: 10px;margin-top:  !important;margin-bottom:  !important;overflow: visible;order: initial;border-color: inherit;row-gap: 20px;column-gap: 20px;}.wp-block-uagb-advanced-heading.uagb-block-8de8c3ec.wp-block-uagb-advanced-heading .uagb-heading-text{color: #345a62;}.wp-block-uagb-advanced-heading.uagb-block-8de8c3ec.wp-block-uagb-advanced-heading .uagb-desc-text{margin-bottom: 15px;}.wp-block-uagb-advanced-heading.uagb-block-8de8c3ec.wp-block-uagb-advanced-heading .uagb-highlight{font-style: normal;font-weight: Default;background: #007cba;color: #fff;-webkit-text-fill-color: #fff;}.wp-block-uagb-advanced-heading.uagb-block-8de8c3ec.wp-block-uagb-advanced-heading .uagb-highlight::-moz-selection{color: #fff;background: #007cba;-webkit-text-fill-color: #fff;}.wp-block-uagb-advanced-heading.uagb-block-8de8c3ec.wp-block-uagb-advanced-heading .uagb-highlight::selection{color: #fff;background: #007cba;-webkit-text-fill-color: #fff;}.wp-block-uagb-advanced-heading.uagb-block-8de8c3ec .uagb-heading-text{font-weight: 500;font-size: 70px;}.wp-block-uagb-container.uagb-block-8bc9f75f .uagb-container__shape-top svg{width: calc( 100% + 1.3px );}.wp-block-uagb-container.uagb-block-8bc9f75f .uagb-container__shape.uagb-container__shape-top .uagb-container__shape-fill{fill: rgba(51,51,51,1);}.wp-block-uagb-container.uagb-block-8bc9f75f .uagb-container__shape-bottom svg{width: calc( 100% + 1.3px );}.wp-block-uagb-container.uagb-block-8bc9f75f .uagb-container__shape.uagb-container__shape-bottom .uagb-container__shape-fill{fill: rgba(51,51,51,1);}.wp-block-uagb-container.uagb-block-8bc9f75f .uagb-container__video-wrap video{opacity: 1;}.wp-block-uagb-container.uagb-is-root-container .uagb-block-8bc9f75f{max-width: 100%;width: 100%;}.wp-block-uagb-container.uagb-is-root-container.alignfull.uagb-block-8bc9f75f > .uagb-container-inner-blocks-wrap{--inner-content-custom-width: min( 100%, 1440px);max-width: var(--inner-content-custom-width);width: 100%;flex-direction: column;align-items: center;justify-content: center;flex-wrap: nowrap;row-gap: 20px;column-gap: 20px;}.wp-block-uagb-container.uagb-block-8bc9f75f{box-shadow: 0px 0px   #00000070 ;padding-top: 36px;padding-bottom: 36px;padding-left: 36px;padding-right: 36px;margin-top: 32px !important;margin-bottom: 32px !important;margin-left: 0px;margin-right: 0px;overflow: visible;order: initial;border-top-left-radius: 20px;border-top-right-radius: 20px;border-bottom-left-radius: 20px;border-bottom-right-radius: 20px;border-color: inherit;background-color: #ffffff;;row-gap: 20px;column-gap: 20px;}@media only screen and (max-width: 976px) {.wp-block-uagb-container.uagb-is-root-container .uagb-block-e1f14ea9{width: 100%;}.wp-block-uagb-container.uagb-is-root-container.alignfull.uagb-block-e1f14ea9 > .uagb-container-inner-blocks-wrap{--inner-content-custom-width: min( 100%, 1024px);max-width: var(--inner-content-custom-width);width: 100%;}.wp-block-uagb-container.uagb-block-e1f14ea9{padding-top: 10px;padding-bottom: 10px;padding-left: 10px;padding-right: 10px;margin-top:  !important;margin-bottom:  !important;order: initial;}.wp-block-uagb-container.uagb-is-root-container .uagb-block-8bc9f75f{width: 100%;}.wp-block-uagb-container.uagb-is-root-container.alignfull.uagb-block-8bc9f75f > .uagb-container-inner-blocks-wrap{--inner-content-custom-width: min( 100%, 1024px);max-width: var(--inner-content-custom-width);width: 100%;}.wp-block-uagb-container.uagb-block-8bc9f75f{padding-top: 36px;padding-bottom: 36px;padding-left: 36px;padding-right: 36px;margin-top: 32px !important;margin-bottom: 32px !important;margin-left: 0px;margin-right: 0px;order: initial;background-color: #ffffff;;}}@media only screen and (max-width: 767px) {.wp-block-uagb-container.uagb-is-root-container .uagb-block-e1f14ea9{max-width: 100%;width: 100%;}.wp-block-uagb-container.uagb-is-root-container.alignfull.uagb-block-e1f14ea9 > .uagb-container-inner-blocks-wrap{--inner-content-custom-width: min( 100%, 767px);max-width: var(--inner-content-custom-width);width: 100%;flex-wrap: wrap;}.wp-block-uagb-container.uagb-block-e1f14ea9{padding-top: 10px;padding-bottom: 10px;padding-left: 10px;padding-right: 10px;margin-top:  !important;margin-bottom:  !important;order: initial;}.wp-block-uagb-container.uagb-is-root-container .uagb-block-8bc9f75f{max-width: 100%;width: 100%;}.wp-block-uagb-container.uagb-is-root-container.alignfull.uagb-block-8bc9f75f > .uagb-container-inner-blocks-wrap{--inner-content-custom-width: min( 100%, 767px);max-width: var(--inner-content-custom-width);width: 100%;flex-wrap: wrap;}.wp-block-uagb-container.uagb-block-8bc9f75f{padding-top: 36px;padding-bottom: 36px;padding-left: 36px;padding-right: 36px;margin-top: 32px !important;margin-bottom: 32px !important;margin-left: 0px;margin-right: 0px;order: initial;background-color: #ffffff;;}}\";s:2:\"js\";s:0:\"\";s:18:\"current_block_list\";a:22:{i:0;s:18:\"senff\/sticky-block\";i:1;s:10:\"core\/group\";i:2;s:14:\"core\/separator\";i:3;s:14:\"core\/paragraph\";i:6;s:10:\"core\/image\";i:8;s:15:\"core\/navigation\";i:9;s:17:\"core\/post-content\";i:10;s:14:\"uagb\/container\";i:11;s:10:\"uagb\/image\";i:14;s:12:\"core\/columns\";i:15;s:11:\"core\/column\";i:17;s:9:\"core\/list\";i:18;s:14:\"core\/list-item\";i:21;s:9:\"core\/html\";i:22;s:11:\"core\/spacer\";i:24;s:21:\"uagb\/advanced-heading\";i:25;s:11:\"core\/search\";i:27;s:12:\"core\/heading\";i:28;s:17:\"core\/latest-posts\";i:29;s:20:\"core\/latest-comments\";i:30;s:13:\"core\/archives\";i:31;s:15:\"core\/categories\";}s:8:\"uag_flag\";b:1;s:11:\"uag_version\";s:10:\"1776884039\";s:6:\"gfonts\";a:1:{s:7:\"Default\";a:2:{s:10:\"fontfamily\";s:7:\"Default\";s:12:\"fontvariants\";a:0:{}}}s:10:\"gfonts_url\";s:71:\"\/\/fonts.googleapis.com\/css?family=Default&subset=latin&display=fallback\";s:12:\"gfonts_files\";a:0:{}s:14:\"uag_faq_layout\";b:0;}"]},"uagb_featured_image_src":{"full":false,"thumbnail":false,"medium":false,"medium_large":false,"large":false,"1536x1536":false,"2048x2048":false},"uagb_author_info":{"display_name":false,"author_link":"https:\/\/www.imaginepediatrics.org\/es\/author\/aarcilaimaginepediatrics-org\/"},"uagb_comment_info":0,"uagb_excerpt":"Quejas y Reclamos &#8211; Georgia \u00daltima actualizaci\u00f3n y entrada en vigencia: 14 de enero de 2026 Quejas y Reclamos Si experimenta un problema que no se resuelve a su satisfacci\u00f3n, puede presentar una queja o reclamo con Imagine Pediatrics. Todas las quejas y reclamos son revisados, registrados y atendidos seg\u00fan corresponda. Informaci\u00f3n de Contacto Presentar&hellip;","_links":{"self":[{"href":"https:\/\/www.imaginepediatrics.org\/es\/wp-json\/wp\/v2\/pages\/2858","targetHints":{"allow":["GET"]}}],"collection":[{"href":"https:\/\/www.imaginepediatrics.org\/es\/wp-json\/wp\/v2\/pages"}],"about":[{"href":"https:\/\/www.imaginepediatrics.org\/es\/wp-json\/wp\/v2\/types\/page"}],"author":[{"embeddable":true,"href":"https:\/\/www.imaginepediatrics.org\/es\/wp-json\/wp\/v2\/users\/11"}],"replies":[{"embeddable":true,"href":"https:\/\/www.imaginepediatrics.org\/es\/wp-json\/wp\/v2\/comments?post=2858"}],"version-history":[{"count":0,"href":"https:\/\/www.imaginepediatrics.org\/es\/wp-json\/wp\/v2\/pages\/2858\/revisions"}],"wp:attachment":[{"href":"https:\/\/www.imaginepediatrics.org\/es\/wp-json\/wp\/v2\/media?parent=2858"}],"curies":[{"name":"wp","href":"https:\/\/api.w.org\/{rel}","templated":true}]}}