{"id":2943,"date":"2026-01-14T12:15:02","date_gmt":"2026-01-14T18:15:02","guid":{"rendered":"https:\/\/www.imaginepediatrics.org\/imagine-pediatrics-medico-de-florida-llc-misuri-aviso-de-no-discriminacion\/"},"modified":"2026-04-08T14:25:16","modified_gmt":"2026-04-08T19:25:16","slug":"imagine-pediatrics-medico-de-florida-llc-misuri-aviso-de-no-discriminacion","status":"publish","type":"page","link":"https:\/\/www.imaginepediatrics.org\/es\/imagine-pediatrics-medico-de-florida-llc-misuri-aviso-de-no-discriminacion\/","title":{"rendered":"Imagine Pediatrics M\u00e9dico de Florida LLC, (Misuri) Aviso de no discriminaci\u00f3n"},"content":{"rendered":"\n<div class=\"wp-block-uagb-advanced-heading uagb-block-8de8c3ec\"><h1 class=\"uagb-heading-text\">Imagine Pediatrics M\u00e9dico de Florida LLC, Aviso de No Discriminaci\u00f3n<\/h1><\/div>\n\n<p class=\"is-proxima-sera has-accent-1-color has-text-color has-link-color has-proxima-sera-font-family wp-elements-968b1bf2e17dd91e3dcfd5ffac98d7f7\" style=\"font-size:30px\">Fecha de entrada en vigencia: 1 de enero de 2026<\/p>\n\n<div class=\"wp-block-uagb-container legal-container uagb-block-8bc9f75f alignfull uagb-is-root-container\"><div class=\"uagb-container-inner-blocks-wrap\">\n<p class=\"has-urbane-rounded-font-family\" style=\"font-size:18px;font-style:normal;font-weight:700;letter-spacing:0px\"><br\/><strong>La Discriminaci\u00f3n es Contra la Ley<\/strong><\/p>\n\n\n\n<p class=\"has-urbane-rounded-font-family has-proxima-sera-font-size\">Imagine Pediatrics cumple con las leyes federales de derechos civiles aplicables y no discrimina por motivos de raza, color, nacionalidad, edad, discapacidad o sexo. Imagine Pediatrics no excluye a las personas ni las trata de forma diferente por motivos de raza, color, nacionalidad, edad, discapacidad o sexo, orientaci\u00f3n sexual. <\/p>\n<\/div><\/div>\n\n<div class=\"wp-block-uagb-container legal-container uagb-block-46a9e999 alignfull uagb-is-root-container\"><div class=\"uagb-container-inner-blocks-wrap\">\n<p class=\"has-proxima-sera-font-size\"><strong>Imagine Pediatrics<\/strong><\/p>\n\n\n\n<p class=\"has-urbane-rounded-font-family has-proxima-sera-font-size\">Ofrece ayudas y servicios gratuitos a personas con discapacidad para que se comuniquen con nosotros de forma eficaz, como:<\/p>\n\n\n\n<ul class=\"wp-block-list has-urbane-rounded-font-family has-proxima-sera-font-size\">\n<li>Int\u00e9rpretes cualificados de lengua de signos.<\/li>\n\n\n\n<li>Informaci\u00f3n escrita en otros formatos (letra grande, audio, formatos electr\u00f3nicos accesibles, otros formatos).<\/li>\n<\/ul>\n\n\n\n<p class=\"has-urbane-rounded-font-family has-proxima-sera-font-size\">Ofrece servicios ling\u00fc\u00edsticos gratuitos a personas que no hablan ingl\u00e9s como primera lengua , por ejemplo:<\/p>\n\n\n\n<ul class=\"wp-block-list has-urbane-rounded-font-family has-proxima-sera-font-size\">\n<li>Int\u00e9rpretes cualificados.<\/li>\n\n\n\n<li>Informaci\u00f3n escrita en otros idiomas.<\/li>\n<\/ul>\n\n\n\n<p class=\"has-urbane-rounded-font-family has-proxima-sera-font-size\">Si necesita estos servicios, p\u00f3ngase en contacto con Imagine Pediatrics llamando al 1-833-208-7770.<\/p>\n\n\n\n<p class=\"has-urbane-rounded-font-family has-proxima-sera-font-size\">Si cree que Imagine Pediatrics no le ha prestado estos servicios o que ha discriminado de alguna otra manera por motivos de raza, color, nacionalidad, edad, discapacidad, sexo, orientaci\u00f3n sexual o identidad de g\u00e9nero, puede presentar una queja ante el Departamento de Cumplimiento de Imagine Pediatrics. Puede presentar una queja en persona o por correo, fax o correo electr\u00f3nico. <\/p>\n\n\n\n<p class=\"has-urbane-rounded-font-family has-proxima-sera-font-size\">Si necesita ayuda para presentar una queja, el Departamento de Cumplimiento est\u00e1 a su disposici\u00f3n en:<\/p>\n\n\n\n<p class=\"has-urbane-rounded-font-family has-proxima-sera-font-size\"><strong>Departamento de Cumplimiento de Imagine Pediatrics<\/strong><br\/>1-833-208-7770 (tel\u00e9fono), 833-464-3584 (fax)<\/p>\n\n\n\n<p class=\"has-urbane-rounded-font-family has-proxima-sera-font-size\">3200 Southwest Freeway<br\/>Suite 2100 Houston, TX 77027<\/p>\n\n\n\n<p class=\"has-urbane-rounded-font-family has-proxima-sera-font-size\"><a href=\"mailto:compliance@imaginepediatrics.org\">compliance@imaginepediatrics.org<\/a><\/p>\n\n\n\n<p class=\"has-urbane-rounded-font-family has-proxima-sera-font-size\">Tambi\u00e9n puede presentar una queja de derechos civiles ante la Oficina de Derechos Civiles del Departamento de Salud y Servicios Humanos de los Estados Unidos, electr\u00f3nicamente a trav\u00e9s del Portal de quejas de la Oficina de Derechos Civiles, disponible haciendo <a href=\"https:\/\/ocrportal.hhs.gov\/ocr\/smartscreen\/main.jsf\" target=\"_blank\" rel=\"noopener\"><strong>CLIC AQU\u00cd<\/strong>,<\/a> o por correo o tel\u00e9fono en:<\/p>\n\n\n\n<p class=\"has-urbane-rounded-font-family has-proxima-sera-font-size\"><strong>Departamento de Salud y Servicios Humanos de los Estados Unidos<\/strong><\/p>\n\n\n\n<p class=\"has-urbane-rounded-font-family has-proxima-sera-font-size\">200 Independence Avenue, SW<br\/>Room 509F, HHH Building<br\/>Washington, D.C. 20201<\/p>\n\n\n\n<p class=\"has-urbane-rounded-font-family has-proxima-sera-font-size\">1-800-368-1019, 800-537-7697 (TDD)<\/p>\n\n\n\n<p class=\"has-urbane-rounded-font-family has-proxima-sera-font-size\">Los formularios de denuncia est\u00e1n disponibles haciendo <a href=\"https:\/\/www.hhs.gov\/ocr\/complaints\/index.html\" target=\"_blank\" rel=\"noopener\"><strong>CLIC AQU\u00cd.<\/strong><\/a><\/p>\n<\/div><\/div>\n","protected":false},"excerpt":{"rendered":"<p>Imagine Pediatrics M\u00e9dico de Florida LLC, Aviso de No Discriminaci\u00f3n Fecha de entrada en vigencia: 1 de enero de 2026 La Discriminaci\u00f3n es Contra la Ley Imagine Pediatrics cumple con las leyes federales de derechos civiles aplicables y no discrimina por motivos de raza, color, nacionalidad, edad, discapacidad o sexo. Imagine Pediatrics no excluye a [&hellip;]<\/p>\n","protected":false},"author":11,"featured_media":0,"parent":0,"menu_order":0,"comment_status":"closed","ping_status":"closed","template":"","meta":{"_uag_custom_page_level_css":"","footnotes":""},"class_list":["post-2943","page","type-page","status-publish","hentry"],"spectra_custom_meta":{"rank_math_internal_links_processed":["1"],"_top_nav_excluded":[""],"_cms_nav_minihome":[""],"_last_translation_edit_mode":["translation-editor"],"_wpml_word_count":["383"],"_wp_page_template":["default"],"rank_math_analytic_object_id":["430"],"_edit_last":["11"],"rank_math_title":["Imagine Pediatrics of Florida, LLC (Missouri), Aviso de No Discriminaci\u00f3n | Imagine Pediatrics"],"rank_math_description":["Revise el Aviso de No Discriminaci\u00f3n de Imagine Pediatrics of Florida, LLC en Missouri y conozca sus derechos y protecciones contra la discriminaci\u00f3n."],"_edit_lock":["1775676316:11"],"_uag_page_assets":["a:9:{s:3:\"css\";s:15754:\".uagb-block-4385860a.wp-block-uagb-image--layout-default figure img{box-shadow: 0px 0px 0 #00000070;}.uagb-block-4385860a.wp-block-uagb-image .wp-block-uagb-image__figure figcaption{font-style: normal;align-self: center;}.uagb-block-4385860a.wp-block-uagb-image--layout-overlay figure img{box-shadow: 0px 0px 0 #00000070;}.uagb-block-4385860a.wp-block-uagb-image--layout-overlay .wp-block-uagb-image--layout-overlay__color-wrapper{opacity: 0.2;}.uagb-block-4385860a.wp-block-uagb-image--layout-overlay .wp-block-uagb-image--layout-overlay__inner{left: 15px;right: 15px;top: 15px;bottom: 15px;}.uagb-block-4385860a.wp-block-uagb-image--layout-overlay .wp-block-uagb-image--layout-overlay__inner .uagb-image-heading{font-style: normal;color: #fff;opacity: 1;}.uagb-block-4385860a.wp-block-uagb-image--layout-overlay .wp-block-uagb-image--layout-overlay__inner .uagb-image-heading a{color: #fff;}.uagb-block-4385860a.wp-block-uagb-image--layout-overlay .wp-block-uagb-image--layout-overlay__inner .uagb-image-caption{opacity: 0;}.uagb-block-4385860a.wp-block-uagb-image--layout-overlay .wp-block-uagb-image__figure:hover .wp-block-uagb-image--layout-overlay__color-wrapper{opacity: 1;}.uagb-block-4385860a.wp-block-uagb-image .wp-block-uagb-image--layout-overlay__inner .uagb-image-separator{width: 30%;border-top-width: 2px;border-top-color: #fff;opacity: 0;}.uagb-block-4385860a.wp-block-uagb-image .wp-block-uagb-image__figure img{width: px;height: auto;}.uagb-block-4385860a.wp-block-uagb-image .wp-block-uagb-image__figure:hover .wp-block-uagb-image--layout-overlay__inner .uagb-image-caption{opacity: 1;}.uagb-block-4385860a.wp-block-uagb-image .wp-block-uagb-image__figure:hover .wp-block-uagb-image--layout-overlay__inner .uagb-image-separator{opacity: 1;}.uagb-block-4385860a.wp-block-uagb-image--layout-default figure:hover img{box-shadow: 0px 0px 0 #00000070;}.uagb-block-4385860a.wp-block-uagb-image--layout-overlay figure:hover img{box-shadow: 0px 0px 0 #00000070;}@media only screen and (max-width: 976px) {.uagb-block-4385860a.wp-block-uagb-image .wp-block-uagb-image__figure img{width: 250px;height: auto;}}@media only screen and (max-width: 767px) {.uagb-block-4385860a.wp-block-uagb-image .wp-block-uagb-image__figure img{object-fit: cover;width: 250px;height: auto;}}.wp-block-uagb-container.uagb-block-a7de9c19 .uagb-container__shape-top svg{width: calc( 100% + 1.3px );}.wp-block-uagb-container.uagb-block-a7de9c19 .uagb-container__shape.uagb-container__shape-top .uagb-container__shape-fill{fill: rgba(51,51,51,1);}.wp-block-uagb-container.uagb-block-a7de9c19 .uagb-container__shape-bottom svg{width: calc( 100% + 1.3px );}.wp-block-uagb-container.uagb-block-a7de9c19 .uagb-container__shape.uagb-container__shape-bottom .uagb-container__shape-fill{fill: rgba(51,51,51,1);}.wp-block-uagb-container.uagb-block-a7de9c19 .uagb-container__video-wrap video{opacity: 1;}.wp-block-uagb-container.uagb-is-root-container .uagb-block-a7de9c19{max-width: 100%;width: 100%;}.wp-block-uagb-container.uagb-is-root-container.alignfull.uagb-block-a7de9c19 > .uagb-container-inner-blocks-wrap{--inner-content-custom-width: min( 100%, 1440px);max-width: var(--inner-content-custom-width);width: 100%;flex-direction: column;align-items: center;justify-content: center;flex-wrap: nowrap;row-gap: 20px;column-gap: 20px;}.wp-block-uagb-container.uagb-block-a7de9c19{box-shadow: 0px 0px   #00000070 ;padding-top: 10px;padding-bottom: 10px;padding-left: 10px;padding-right: 10px;margin-top:  !important;margin-bottom:  !important;overflow: visible;order: initial;border-color: inherit;background-color: #ffdb25;;row-gap: 20px;column-gap: 20px;}.uagb-block-abe79e23.wp-block-uagb-image--layout-default figure img{box-shadow: 0px 0px 0 #00000070;}.uagb-block-abe79e23.wp-block-uagb-image .wp-block-uagb-image__figure figcaption{font-style: normal;align-self: center;}.uagb-block-abe79e23.wp-block-uagb-image--layout-overlay figure img{box-shadow: 0px 0px 0 #00000070;}.uagb-block-abe79e23.wp-block-uagb-image--layout-overlay .wp-block-uagb-image--layout-overlay__color-wrapper{opacity: 0.2;}.uagb-block-abe79e23.wp-block-uagb-image--layout-overlay .wp-block-uagb-image--layout-overlay__inner{left: 15px;right: 15px;top: 15px;bottom: 15px;}.uagb-block-abe79e23.wp-block-uagb-image--layout-overlay .wp-block-uagb-image--layout-overlay__inner .uagb-image-heading{font-style: normal;color: #fff;opacity: 1;}.uagb-block-abe79e23.wp-block-uagb-image--layout-overlay .wp-block-uagb-image--layout-overlay__inner .uagb-image-heading a{color: #fff;}.uagb-block-abe79e23.wp-block-uagb-image--layout-overlay .wp-block-uagb-image--layout-overlay__inner .uagb-image-caption{opacity: 0;}.uagb-block-abe79e23.wp-block-uagb-image--layout-overlay .wp-block-uagb-image__figure:hover .wp-block-uagb-image--layout-overlay__color-wrapper{opacity: 1;}.uagb-block-abe79e23.wp-block-uagb-image .wp-block-uagb-image--layout-overlay__inner .uagb-image-separator{width: 30%;border-top-width: 2px;border-top-color: #fff;opacity: 0;}.uagb-block-abe79e23.wp-block-uagb-image .wp-block-uagb-image__figure img{object-fit: cover;width: 3600px;height: auto;}.uagb-block-abe79e23.wp-block-uagb-image .wp-block-uagb-image__figure:hover .wp-block-uagb-image--layout-overlay__inner .uagb-image-caption{opacity: 1;}.uagb-block-abe79e23.wp-block-uagb-image .wp-block-uagb-image__figure:hover .wp-block-uagb-image--layout-overlay__inner .uagb-image-separator{opacity: 1;}.uagb-block-abe79e23.wp-block-uagb-image--layout-default figure:hover img{box-shadow: 0px 0px 0 #00000070;}.uagb-block-abe79e23.wp-block-uagb-image--layout-overlay figure:hover img{box-shadow: 0px 0px 0 #00000070;}.wp-block-uagb-container.uagb-block-cd1d4d04 .uagb-container__shape-top svg{width: calc( 100% + 1.3px );}.wp-block-uagb-container.uagb-block-cd1d4d04 .uagb-container__shape.uagb-container__shape-top .uagb-container__shape-fill{fill: rgba(51,51,51,1);}.wp-block-uagb-container.uagb-block-cd1d4d04 .uagb-container__shape-bottom svg{width: calc( 100% + 1.3px );}.wp-block-uagb-container.uagb-block-cd1d4d04 .uagb-container__shape.uagb-container__shape-bottom .uagb-container__shape-fill{fill: rgba(51,51,51,1);}.wp-block-uagb-container.uagb-block-cd1d4d04 .uagb-container__video-wrap video{opacity: 1;}.wp-block-uagb-container.uagb-is-root-container .uagb-block-cd1d4d04{max-width: 100%;width: 100%;}.wp-block-uagb-container.uagb-is-root-container.alignfull.uagb-block-cd1d4d04 > .uagb-container-inner-blocks-wrap{--inner-content-custom-width: min( 100%, 1440px);max-width: var(--inner-content-custom-width);width: 100%;flex-direction: column;align-items: center;justify-content: center;flex-wrap: nowrap;row-gap: 20px;column-gap: 20px;}.wp-block-uagb-container.uagb-block-cd1d4d04{box-shadow: 0px 0px   #00000070 ;padding-top: 24px;padding-bottom: 0px;padding-left: 24px;padding-right: 24px;margin-top:  !important;margin-bottom:  !important;overflow: visible;order: initial;border-color: inherit;background-color: #f2ebe1;;row-gap: 20px;column-gap: 20px;}@media only screen and (max-width: 976px) {.wp-block-uagb-container.uagb-is-root-container .uagb-block-a7de9c19{width: 100%;}.wp-block-uagb-container.uagb-is-root-container.alignfull.uagb-block-a7de9c19 > .uagb-container-inner-blocks-wrap{--inner-content-custom-width: min( 100%, 1024px);max-width: var(--inner-content-custom-width);width: 100%;}.wp-block-uagb-container.uagb-block-a7de9c19{padding-top: 10px;padding-bottom: 10px;padding-left: 10px;padding-right: 10px;margin-top:  !important;margin-bottom:  !important;order: initial;background-color: #ffdb25;;}.uagb-block-abe79e23.wp-block-uagb-image .wp-block-uagb-image__figure img{width: 3600px;height: auto;}.wp-block-uagb-container.uagb-is-root-container .uagb-block-cd1d4d04{width: 100%;}.wp-block-uagb-container.uagb-is-root-container.alignfull.uagb-block-cd1d4d04 > .uagb-container-inner-blocks-wrap{--inner-content-custom-width: min( 100%, 1024px);max-width: var(--inner-content-custom-width);width: 100%;}.wp-block-uagb-container.uagb-block-cd1d4d04{padding-top: 24px;padding-bottom: 0px;padding-left: 24px;padding-right: 24px;margin-top:  !important;margin-bottom:  !important;order: initial;background-color: #f2ebe1;;}}@media only screen and (max-width: 767px) {.wp-block-uagb-container.uagb-is-root-container .uagb-block-a7de9c19{max-width: 100%;width: 100%;}.wp-block-uagb-container.uagb-is-root-container.alignfull.uagb-block-a7de9c19 > .uagb-container-inner-blocks-wrap{--inner-content-custom-width: min( 100%, 767px);max-width: var(--inner-content-custom-width);width: 100%;flex-wrap: wrap;}.wp-block-uagb-container.uagb-block-a7de9c19{padding-top: 10px;padding-bottom: 10px;padding-left: 10px;padding-right: 10px;margin-top:  !important;margin-bottom:  !important;order: initial;background-color: #ffdb25;;}.uagb-block-abe79e23.wp-block-uagb-image .wp-block-uagb-image__figure img{width: 1024px;height: auto;}.wp-block-uagb-container.uagb-is-root-container .uagb-block-cd1d4d04{max-width: 100%;width: 100%;}.wp-block-uagb-container.uagb-is-root-container.alignfull.uagb-block-cd1d4d04 > .uagb-container-inner-blocks-wrap{--inner-content-custom-width: min( 100%, 767px);max-width: var(--inner-content-custom-width);width: 100%;flex-wrap: wrap;}.wp-block-uagb-container.uagb-block-cd1d4d04{padding-top: 24px;padding-bottom: 0px;padding-left: 24px;padding-right: 24px;margin-top:  !important;margin-bottom:  !important;order: initial;background-color: #f2ebe1;;}}.wp-block-uagb-advanced-heading.uagb-block-8de8c3ec.wp-block-uagb-advanced-heading .uagb-heading-text{color: #345a62;}.wp-block-uagb-advanced-heading.uagb-block-8de8c3ec.wp-block-uagb-advanced-heading .uagb-desc-text{margin-bottom: 15px;}.wp-block-uagb-advanced-heading.uagb-block-8de8c3ec.wp-block-uagb-advanced-heading .uagb-highlight{font-style: normal;font-weight: Default;background: #007cba;color: #fff;-webkit-text-fill-color: #fff;}.wp-block-uagb-advanced-heading.uagb-block-8de8c3ec.wp-block-uagb-advanced-heading .uagb-highlight::-moz-selection{color: #fff;background: #007cba;-webkit-text-fill-color: #fff;}.wp-block-uagb-advanced-heading.uagb-block-8de8c3ec.wp-block-uagb-advanced-heading .uagb-highlight::selection{color: #fff;background: #007cba;-webkit-text-fill-color: #fff;}.wp-block-uagb-advanced-heading.uagb-block-8de8c3ec .uagb-heading-text{font-weight: 500;font-size: 70px;}.wp-block-uagb-container.uagb-block-8bc9f75f .uagb-container__shape-top svg{width: calc( 100% + 1.3px );}.wp-block-uagb-container.uagb-block-8bc9f75f .uagb-container__shape.uagb-container__shape-top .uagb-container__shape-fill{fill: rgba(51,51,51,1);}.wp-block-uagb-container.uagb-block-8bc9f75f .uagb-container__shape-bottom svg{width: calc( 100% + 1.3px );}.wp-block-uagb-container.uagb-block-8bc9f75f .uagb-container__shape.uagb-container__shape-bottom .uagb-container__shape-fill{fill: rgba(51,51,51,1);}.wp-block-uagb-container.uagb-block-8bc9f75f .uagb-container__video-wrap video{opacity: 1;}.wp-block-uagb-container.uagb-is-root-container .uagb-block-8bc9f75f{max-width: 100%;width: 100%;}.wp-block-uagb-container.uagb-is-root-container.alignfull.uagb-block-8bc9f75f > .uagb-container-inner-blocks-wrap{--inner-content-custom-width: min( 100%, 1440px);max-width: var(--inner-content-custom-width);width: 100%;flex-direction: column;align-items: center;justify-content: center;flex-wrap: nowrap;row-gap: 20px;column-gap: 20px;}.wp-block-uagb-container.uagb-block-8bc9f75f{box-shadow: 0px 0px   #00000070 ;padding-top: 0px;padding-bottom: 36px;padding-left: 36px;padding-right: 36px;margin-top: 0px !important;margin-bottom: 32px !important;margin-left: 0px;margin-right: 0px;overflow: visible;order: initial;border-top-left-radius: 20px;border-top-right-radius: 20px;border-bottom-left-radius: 20px;border-bottom-right-radius: 20px;border-color: inherit;background-color: #ffffff;;row-gap: 20px;column-gap: 20px;}.wp-block-uagb-container.uagb-block-46a9e999 .uagb-container__shape-top svg{width: calc( 100% + 1.3px );}.wp-block-uagb-container.uagb-block-46a9e999 .uagb-container__shape.uagb-container__shape-top .uagb-container__shape-fill{fill: rgba(51,51,51,1);}.wp-block-uagb-container.uagb-block-46a9e999 .uagb-container__shape-bottom svg{width: calc( 100% + 1.3px );}.wp-block-uagb-container.uagb-block-46a9e999 .uagb-container__shape.uagb-container__shape-bottom .uagb-container__shape-fill{fill: rgba(51,51,51,1);}.wp-block-uagb-container.uagb-block-46a9e999 .uagb-container__video-wrap video{opacity: 1;}.wp-block-uagb-container.uagb-is-root-container .uagb-block-46a9e999{max-width: 100%;width: 100%;}.wp-block-uagb-container.uagb-is-root-container.alignfull.uagb-block-46a9e999 > .uagb-container-inner-blocks-wrap{--inner-content-custom-width: min( 100%, 1440px);max-width: var(--inner-content-custom-width);width: 100%;flex-direction: column;align-items: center;justify-content: center;flex-wrap: nowrap;row-gap: 20px;column-gap: 20px;}.wp-block-uagb-container.uagb-block-46a9e999{box-shadow: 0px 0px   #00000070 ;padding-top: 36px;padding-bottom: 36px;padding-left: 36px;padding-right: 36px;margin-top: 0px !important;margin-bottom: 32px !important;margin-left: 0px;margin-right: 0px;overflow: visible;order: initial;border-top-left-radius: 20px;border-top-right-radius: 20px;border-bottom-left-radius: 20px;border-bottom-right-radius: 20px;border-color: inherit;background-color: #ffffff;;row-gap: 20px;column-gap: 20px;}@media only screen and (max-width: 976px) {.wp-block-uagb-container.uagb-is-root-container .uagb-block-8bc9f75f{width: 100%;}.wp-block-uagb-container.uagb-is-root-container.alignfull.uagb-block-8bc9f75f > .uagb-container-inner-blocks-wrap{--inner-content-custom-width: min( 100%, 1024px);max-width: var(--inner-content-custom-width);width: 100%;}.wp-block-uagb-container.uagb-block-8bc9f75f{padding-top: 0px;padding-bottom: 36px;padding-left: 36px;padding-right: 36px;margin-top: 0px !important;margin-bottom: 32px !important;margin-left: 0px;margin-right: 0px;order: initial;background-color: #ffffff;;}.wp-block-uagb-container.uagb-is-root-container .uagb-block-46a9e999{width: 100%;}.wp-block-uagb-container.uagb-is-root-container.alignfull.uagb-block-46a9e999 > .uagb-container-inner-blocks-wrap{--inner-content-custom-width: min( 100%, 1024px);max-width: var(--inner-content-custom-width);width: 100%;}.wp-block-uagb-container.uagb-block-46a9e999{padding-top: 36px;padding-bottom: 36px;padding-left: 36px;padding-right: 36px;margin-top: 0px !important;margin-bottom: 32px !important;margin-left: 0px;margin-right: 0px;order: initial;background-color: #ffffff;;}}@media only screen and (max-width: 767px) {.wp-block-uagb-container.uagb-is-root-container .uagb-block-8bc9f75f{max-width: 100%;width: 100%;}.wp-block-uagb-container.uagb-is-root-container.alignfull.uagb-block-8bc9f75f > .uagb-container-inner-blocks-wrap{--inner-content-custom-width: min( 100%, 767px);max-width: var(--inner-content-custom-width);width: 100%;flex-wrap: wrap;}.wp-block-uagb-container.uagb-block-8bc9f75f{padding-top: 0px;padding-bottom: 36px;padding-left: 36px;padding-right: 36px;margin-top: 0px !important;margin-bottom: 32px !important;margin-left: 0px;margin-right: 0px;order: initial;background-color: #ffffff;;}.wp-block-uagb-container.uagb-is-root-container .uagb-block-46a9e999{max-width: 100%;width: 100%;}.wp-block-uagb-container.uagb-is-root-container.alignfull.uagb-block-46a9e999 > .uagb-container-inner-blocks-wrap{--inner-content-custom-width: min( 100%, 767px);max-width: var(--inner-content-custom-width);width: 100%;flex-wrap: wrap;}.wp-block-uagb-container.uagb-block-46a9e999{padding-top: 36px;padding-bottom: 36px;padding-left: 36px;padding-right: 36px;margin-top: 0px !important;margin-bottom: 32px !important;margin-left: 0px;margin-right: 0px;order: initial;background-color: #ffffff;;}}\";s:2:\"js\";s:0:\"\";s:18:\"current_block_list\";a:22:{i:0;s:18:\"senff\/sticky-block\";i:1;s:10:\"core\/group\";i:2;s:14:\"core\/separator\";i:3;s:14:\"core\/paragraph\";i:6;s:10:\"core\/image\";i:8;s:15:\"core\/navigation\";i:9;s:17:\"core\/post-content\";i:10;s:14:\"uagb\/container\";i:11;s:10:\"uagb\/image\";i:14;s:12:\"core\/columns\";i:15;s:11:\"core\/column\";i:17;s:9:\"core\/list\";i:18;s:14:\"core\/list-item\";i:21;s:9:\"core\/html\";i:22;s:11:\"core\/spacer\";i:23;s:21:\"uagb\/advanced-heading\";i:24;s:11:\"core\/search\";i:26;s:12:\"core\/heading\";i:27;s:17:\"core\/latest-posts\";i:28;s:20:\"core\/latest-comments\";i:29;s:13:\"core\/archives\";i:30;s:15:\"core\/categories\";}s:8:\"uag_flag\";b:1;s:11:\"uag_version\";s:10:\"1777691770\";s:6:\"gfonts\";a:1:{s:7:\"Default\";a:2:{s:10:\"fontfamily\";s:7:\"Default\";s:12:\"fontvariants\";a:0:{}}}s:10:\"gfonts_url\";s:71:\"\/\/fonts.googleapis.com\/css?family=Default&subset=latin&display=fallback\";s:12:\"gfonts_files\";a:0:{}s:14:\"uag_faq_layout\";b:0;}"]},"uagb_featured_image_src":{"full":false,"thumbnail":false,"medium":false,"medium_large":false,"large":false,"1536x1536":false,"2048x2048":false},"uagb_author_info":{"display_name":false,"author_link":"https:\/\/www.imaginepediatrics.org\/es\/author\/aarcilaimaginepediatrics-org\/"},"uagb_comment_info":0,"uagb_excerpt":"Imagine Pediatrics M\u00e9dico de Florida LLC, Aviso de No Discriminaci\u00f3n Fecha de entrada en vigencia: 1 de enero de 2026 La Discriminaci\u00f3n es Contra la Ley Imagine Pediatrics cumple con las leyes federales de derechos civiles aplicables y no discrimina por motivos de raza, color, nacionalidad, edad, discapacidad o sexo. Imagine Pediatrics no excluye a&hellip;","_links":{"self":[{"href":"https:\/\/www.imaginepediatrics.org\/es\/wp-json\/wp\/v2\/pages\/2943","targetHints":{"allow":["GET"]}}],"collection":[{"href":"https:\/\/www.imaginepediatrics.org\/es\/wp-json\/wp\/v2\/pages"}],"about":[{"href":"https:\/\/www.imaginepediatrics.org\/es\/wp-json\/wp\/v2\/types\/page"}],"author":[{"embeddable":true,"href":"https:\/\/www.imaginepediatrics.org\/es\/wp-json\/wp\/v2\/users\/11"}],"replies":[{"embeddable":true,"href":"https:\/\/www.imaginepediatrics.org\/es\/wp-json\/wp\/v2\/comments?post=2943"}],"version-history":[{"count":0,"href":"https:\/\/www.imaginepediatrics.org\/es\/wp-json\/wp\/v2\/pages\/2943\/revisions"}],"wp:attachment":[{"href":"https:\/\/www.imaginepediatrics.org\/es\/wp-json\/wp\/v2\/media?parent=2943"}],"curies":[{"name":"wp","href":"https:\/\/api.w.org\/{rel}","templated":true}]}}